{"id":416,"date":"2023-03-12T01:31:29","date_gmt":"2023-03-12T01:31:29","guid":{"rendered":"https:\/\/proyectohogar.endesys.net\/?page_id=416"},"modified":"2024-09-10T18:55:48","modified_gmt":"2024-09-10T18:55:48","slug":"somos","status":"publish","type":"page","link":"https:\/\/asociacionproyectohogar.org\/en\/somos\/","title":{"rendered":"somos"},"content":{"rendered":"<div data-elementor-type=\"wp-page\" data-elementor-id=\"416\" class=\"elementor elementor-416\" data-elementor-post-type=\"page\">\n\t\t\t\t\t\t<section class=\"elementor-section elementor-top-section elementor-element elementor-element-699f961 elementor-section-full_width elementor-section-height-default elementor-section-height-default\" data-id=\"699f961\" data-element_type=\"section\" data-e-type=\"section\">\n\t\t\t\t\t\t<div class=\"elementor-container elementor-column-gap-default\">\n\t\t\t\t\t<div class=\"elementor-column elementor-col-100 elementor-top-column elementor-element elementor-element-ba64554\" data-id=\"ba64554\" data-element_type=\"column\" data-e-type=\"column\">\n\t\t\t<div class=\"elementor-widget-wrap elementor-element-populated\">\n\t\t\t\t\t\t\t<\/div>\n\t\t<\/div>\n\t\t\t\t\t<\/div>\n\t\t<\/section>\n\t\t\t\t<section class=\"elementor-section elementor-top-section elementor-element elementor-element-980e7a6 elementor-section-stretched elementor-section-boxed elementor-section-height-default elementor-section-height-default\" data-id=\"980e7a6\" data-element_type=\"section\" data-e-type=\"section\" data-settings=\"{&quot;stretch_section&quot;:&quot;section-stretched&quot;,&quot;background_background&quot;:&quot;classic&quot;}\">\n\t\t\t\t\t\t<div class=\"elementor-container elementor-column-gap-default\">\n\t\t\t\t\t<div class=\"elementor-column elementor-col-100 elementor-top-column elementor-element elementor-element-303870b\" data-id=\"303870b\" data-element_type=\"column\" data-e-type=\"column\">\n\t\t\t<div class=\"elementor-widget-wrap elementor-element-populated\">\n\t\t\t\t\t\t<section class=\"elementor-section elementor-inner-section elementor-element elementor-element-8bd89a4 elementor-section-full_width elementor-section-height-default elementor-section-height-default\" data-id=\"8bd89a4\" data-element_type=\"section\" data-e-type=\"section\">\n\t\t\t\t\t\t<div class=\"elementor-container elementor-column-gap-default\">\n\t\t\t\t\t<div class=\"elementor-column elementor-col-50 elementor-inner-column elementor-element elementor-element-96ff125\" data-id=\"96ff125\" data-element_type=\"column\" data-e-type=\"column\">\n\t\t\t<div class=\"elementor-widget-wrap elementor-element-populated\">\n\t\t\t\t\t\t<div class=\"elementor-element elementor-element-e71d6ff elementor-widget elementor-widget-image\" data-id=\"e71d6ff\" data-element_type=\"widget\" data-e-type=\"widget\" data-widget_type=\"image.default\">\n\t\t\t\t<div class=\"elementor-widget-container\">\n\t\t\t\t\t\t\t\t\t\t\t\t\t\t\t<img fetchpriority=\"high\" decoding=\"async\" width=\"1024\" height=\"683\" src=\"https:\/\/asociacionproyectohogar.org\/wp-content\/uploads\/2023\/09\/somos-1024x683.jpg\" class=\"attachment-large size-large wp-image-1905\" alt=\"somos scaled\" srcset=\"https:\/\/asociacionproyectohogar.org\/wp-content\/uploads\/2023\/09\/somos-1024x683.jpg 1024w, https:\/\/asociacionproyectohogar.org\/wp-content\/uploads\/2023\/09\/somos-300x200.jpg 300w, https:\/\/asociacionproyectohogar.org\/wp-content\/uploads\/2023\/09\/somos-768x512.jpg 768w, https:\/\/asociacionproyectohogar.org\/wp-content\/uploads\/2023\/09\/somos-1536x1024.jpg 1536w, https:\/\/asociacionproyectohogar.org\/wp-content\/uploads\/2023\/09\/somos-2048x1365.jpg 2048w, https:\/\/asociacionproyectohogar.org\/wp-content\/uploads\/2023\/09\/somos-18x12.jpg 18w\" sizes=\"(max-width: 1024px) 100vw, 1024px\" \/>\t\t\t\t\t\t\t\t\t\t\t\t\t\t\t<\/div>\n\t\t\t\t<\/div>\n\t\t\t\t\t<\/div>\n\t\t<\/div>\n\t\t\t\t<div class=\"elementor-column elementor-col-50 elementor-inner-column elementor-element elementor-element-fbd67d1\" data-id=\"fbd67d1\" data-element_type=\"column\" data-e-type=\"column\">\n\t\t\t<div class=\"elementor-widget-wrap elementor-element-populated\">\n\t\t\t\t\t\t<div class=\"elementor-element elementor-element-6a64ece elementor-widget elementor-widget-heading\" data-id=\"6a64ece\" data-element_type=\"widget\" data-e-type=\"widget\" data-widget_type=\"heading.default\">\n\t\t\t\t<div class=\"elementor-widget-container\">\n\t\t\t\t\t<h2 class=\"elementor-heading-title elementor-size-xl\">Quienes somos<\/h2>\t\t\t\t<\/div>\n\t\t\t\t<\/div>\n\t\t\t\t<div class=\"elementor-element elementor-element-883f823 elementor-widget elementor-widget-text-editor\" data-id=\"883f823\" data-element_type=\"widget\" data-e-type=\"widget\" data-widget_type=\"text-editor.default\">\n\t\t\t\t<div class=\"elementor-widget-container\">\n\t\t\t\t\t\t\t\t\t<p>Asociaci\u00f3n Proyecto Hogar es una entidad sin \u00e1nimo de lucro, constituida en el a\u00f1o 1989, de inter\u00e9s social, y declarada de Utilidad P\u00fablica, cuyo objetivo principal es actuar ante situaciones problem\u00e1ticas, de riesgo y\/o exclusi\u00f3n social. Para ello, se desarrollan diferentes programas y proyectos que contemplan actuaciones en este sentido.<\/p>\t\t\t\t\t\t\t\t<\/div>\n\t\t\t\t<\/div>\n\t\t\t\t\t<\/div>\n\t\t<\/div>\n\t\t\t\t\t<\/div>\n\t\t<\/section>\n\t\t\t\t\t<\/div>\n\t\t<\/div>\n\t\t\t\t\t<\/div>\n\t\t<\/section>\n\t\t\t\t<section class=\"elementor-section elementor-top-section elementor-element elementor-element-66915a7 elementor-section-boxed elementor-section-height-default elementor-section-height-default\" data-id=\"66915a7\" data-element_type=\"section\" data-e-type=\"section\">\n\t\t\t\t\t\t<div class=\"elementor-container elementor-column-gap-default\">\n\t\t\t\t\t<div class=\"elementor-column elementor-col-100 elementor-top-column elementor-element elementor-element-802e995\" data-id=\"802e995\" data-element_type=\"column\" data-e-type=\"column\">\n\t\t\t<div class=\"elementor-widget-wrap elementor-element-populated\">\n\t\t\t\t\t\t<div class=\"elementor-element elementor-element-c3a250c elementor-widget elementor-widget-text-editor\" data-id=\"c3a250c\" data-element_type=\"widget\" data-e-type=\"widget\" data-widget_type=\"text-editor.default\">\n\t\t\t\t<div class=\"elementor-widget-container\">\n\t\t\t\t\t\t\t\t\t<p>Adem\u00e1s, nuestra Asociaci\u00f3n es lugar de encuentro, participaci\u00f3n y aprendizaje de personas sensibilizadas y profesionales comprometidos en la b\u00fasqueda compartida de una mejor realidad social.<\/p><p>Nuestra misi\u00f3n es actuar ante situaciones problem\u00e1ticas, de riesgo y\/o exclusi\u00f3n social, en el marco de la vida comunitaria. Para ello, desarrollamos programas y proyectos de intervenci\u00f3n que contemplan actuaciones en este sentido.<\/p><p>Nuestra visi\u00f3n, APH es una asociaci\u00f3n reconocida por un trabajo con personas en situaci\u00f3n de vulnerabilidad y desventaja social que viene definido por un estilo propio en el acompa\u00f1amiento y atenci\u00f3n artesanal de sus procesos vitales.<\/p>\t\t\t\t\t\t\t\t<\/div>\n\t\t\t\t<\/div>\n\t\t\t\t\t<\/div>\n\t\t<\/div>\n\t\t\t\t\t<\/div>\n\t\t<\/section>\n\t\t\t\t<section class=\"elementor-section elementor-top-section elementor-element elementor-element-9705f16 elementor-section-stretched elementor-section-boxed elementor-section-height-default elementor-section-height-default\" data-id=\"9705f16\" data-element_type=\"section\" data-e-type=\"section\" data-settings=\"{&quot;stretch_section&quot;:&quot;section-stretched&quot;,&quot;background_background&quot;:&quot;classic&quot;,&quot;shape_divider_top&quot;:&quot;arrow&quot;,&quot;shape_divider_bottom&quot;:&quot;arrow&quot;,&quot;shape_divider_bottom_negative&quot;:&quot;yes&quot;}\">\n\t\t\t\t\t\t\t<div class=\"elementor-background-overlay\"><\/div>\n\t\t\t\t\t\t<div class=\"elementor-shape elementor-shape-top\" aria-hidden=\"true\" data-negative=\"false\">\n\t\t\t<svg xmlns=\"http:\/\/www.w3.org\/2000\/svg\" viewbox=\"0 0 700 10\" preserveaspectratio=\"none\">\n\t<path class=\"elementor-shape-fill\" d=\"M350,10L340,0h20L350,10z\"\/>\n<\/svg>\t\t<\/div>\n\t\t\t\t<div class=\"elementor-shape elementor-shape-bottom\" aria-hidden=\"true\" data-negative=\"true\">\n\t\t\t<svg xmlns=\"http:\/\/www.w3.org\/2000\/svg\" viewbox=\"0 0 700 10\" preserveaspectratio=\"none\">\n\t<path class=\"elementor-shape-fill\" d=\"M360 0L350 9.9 340 0 0 0 0 10 700 10 700 0\"\/>\n<\/svg>\t\t<\/div>\n\t\t\t\t\t<div class=\"elementor-container elementor-column-gap-default\">\n\t\t\t\t\t<div class=\"elementor-column elementor-col-100 elementor-top-column elementor-element elementor-element-feb623c\" data-id=\"feb623c\" data-element_type=\"column\" data-e-type=\"column\" data-settings=\"{&quot;background_background&quot;:&quot;classic&quot;}\">\n\t\t\t<div class=\"elementor-widget-wrap elementor-element-populated\">\n\t\t\t\t\t\t<div class=\"elementor-element elementor-element-d75ab17 elementor-widget elementor-widget-heading\" data-id=\"d75ab17\" data-element_type=\"widget\" data-e-type=\"widget\" data-widget_type=\"heading.default\">\n\t\t\t\t<div class=\"elementor-widget-container\">\n\t\t\t\t\t<div class=\"elementor-heading-title elementor-size-default\">Nuestros Principios<\/div>\t\t\t\t<\/div>\n\t\t\t\t<\/div>\n\t\t\t\t\t<\/div>\n\t\t<\/div>\n\t\t\t\t\t<\/div>\n\t\t<\/section>\n\t\t\t\t<section class=\"elementor-section elementor-top-section elementor-element elementor-element-ba4f475 elementor-section-stretched elementor-section-boxed elementor-section-height-default elementor-section-height-default\" data-id=\"ba4f475\" data-element_type=\"section\" data-e-type=\"section\" data-settings=\"{&quot;stretch_section&quot;:&quot;section-stretched&quot;}\">\n\t\t\t\t\t\t<div class=\"elementor-container elementor-column-gap-default\">\n\t\t\t\t\t<div class=\"elementor-column elementor-col-33 elementor-top-column elementor-element elementor-element-ac1d6bf\" data-id=\"ac1d6bf\" data-element_type=\"column\" data-e-type=\"column\">\n\t\t\t<div class=\"elementor-widget-wrap elementor-element-populated\">\n\t\t\t\t\t\t<div class=\"elementor-element elementor-element-d3b7758 elementor-widget elementor-widget-heading\" data-id=\"d3b7758\" data-element_type=\"widget\" data-e-type=\"widget\" data-widget_type=\"heading.default\">\n\t\t\t\t<div class=\"elementor-widget-container\">\n\t\t\t\t\t<h2 class=\"elementor-heading-title elementor-size-default\">Participaci\u00f3n<\/h2>\t\t\t\t<\/div>\n\t\t\t\t<\/div>\n\t\t\t\t<div class=\"elementor-element elementor-element-cbf8016 elementor-widget-divider--view-line elementor-widget elementor-widget-divider\" data-id=\"cbf8016\" data-element_type=\"widget\" data-e-type=\"widget\" data-widget_type=\"divider.default\">\n\t\t\t\t<div class=\"elementor-widget-container\">\n\t\t\t\t\t\t\t<div class=\"elementor-divider\">\n\t\t\t<span class=\"elementor-divider-separator\">\n\t\t\t\t\t\t<\/span>\n\t\t<\/div>\n\t\t\t\t\t\t<\/div>\n\t\t\t\t<\/div>\n\t\t\t\t<div class=\"elementor-element elementor-element-dde4778 mh200 elementor-widget elementor-widget-text-editor\" data-id=\"dde4778\" data-element_type=\"widget\" data-e-type=\"widget\" data-widget_type=\"text-editor.default\">\n\t\t\t\t<div class=\"elementor-widget-container\">\n\t\t\t\t\t\t\t\t\t<p><strong>Promover la participaci\u00f3n<\/strong>\u00a0de todas las personas vinculadas a nuestra organizaci\u00f3n, con la finalidad de integrar una pluralidad de aportaciones y visiones que enriquezcan nuestro \u00absaber hacer\u00bb y conviertan a APH en una entidad din\u00e1mica e independiente.<\/p>\t\t\t\t\t\t\t\t<\/div>\n\t\t\t\t<\/div>\n\t\t\t\t\t<\/div>\n\t\t<\/div>\n\t\t\t\t<div class=\"elementor-column elementor-col-33 elementor-top-column elementor-element elementor-element-145bea0\" data-id=\"145bea0\" data-element_type=\"column\" data-e-type=\"column\">\n\t\t\t<div class=\"elementor-widget-wrap elementor-element-populated\">\n\t\t\t\t\t\t<div class=\"elementor-element elementor-element-34a289f elementor-widget elementor-widget-heading\" data-id=\"34a289f\" data-element_type=\"widget\" data-e-type=\"widget\" data-widget_type=\"heading.default\">\n\t\t\t\t<div class=\"elementor-widget-container\">\n\t\t\t\t\t<h2 class=\"elementor-heading-title elementor-size-default\">Transparencia<\/h2>\t\t\t\t<\/div>\n\t\t\t\t<\/div>\n\t\t\t\t<div class=\"elementor-element elementor-element-24c4660 elementor-widget-divider--view-line elementor-widget elementor-widget-divider\" data-id=\"24c4660\" data-element_type=\"widget\" data-e-type=\"widget\" data-widget_type=\"divider.default\">\n\t\t\t\t<div class=\"elementor-widget-container\">\n\t\t\t\t\t\t\t<div class=\"elementor-divider\">\n\t\t\t<span class=\"elementor-divider-separator\">\n\t\t\t\t\t\t<\/span>\n\t\t<\/div>\n\t\t\t\t\t\t<\/div>\n\t\t\t\t<\/div>\n\t\t\t\t<div class=\"elementor-element elementor-element-008d3c2 mh200 elementor-widget elementor-widget-text-editor\" data-id=\"008d3c2\" data-element_type=\"widget\" data-e-type=\"widget\" data-widget_type=\"text-editor.default\">\n\t\t\t\t<div class=\"elementor-widget-container\">\n\t\t\t\t\t\t\t\t\t<p><strong>Actuar con la m\u00e1xima transparencia<\/strong>, facilitando canales de informaci\u00f3n y comunicaci\u00f3n que ofrezcan confianza a todas aquellas personas e instituciones relacionadas con Asociaci\u00f3n Proyecto Hogar (APH).<\/p>\t\t\t\t\t\t\t\t<\/div>\n\t\t\t\t<\/div>\n\t\t\t\t\t<\/div>\n\t\t<\/div>\n\t\t\t\t<div class=\"elementor-column elementor-col-33 elementor-top-column elementor-element elementor-element-72de62a\" data-id=\"72de62a\" data-element_type=\"column\" data-e-type=\"column\">\n\t\t\t<div class=\"elementor-widget-wrap elementor-element-populated\">\n\t\t\t\t\t\t<div class=\"elementor-element elementor-element-1f2334d elementor-widget elementor-widget-heading\" data-id=\"1f2334d\" data-element_type=\"widget\" data-e-type=\"widget\" data-widget_type=\"heading.default\">\n\t\t\t\t<div class=\"elementor-widget-container\">\n\t\t\t\t\t<h2 class=\"elementor-heading-title elementor-size-default\">Cercan\u00eda<\/h2>\t\t\t\t<\/div>\n\t\t\t\t<\/div>\n\t\t\t\t<div class=\"elementor-element elementor-element-504b9c7 elementor-widget-divider--view-line elementor-widget elementor-widget-divider\" data-id=\"504b9c7\" data-element_type=\"widget\" data-e-type=\"widget\" data-widget_type=\"divider.default\">\n\t\t\t\t<div class=\"elementor-widget-container\">\n\t\t\t\t\t\t\t<div class=\"elementor-divider\">\n\t\t\t<span class=\"elementor-divider-separator\">\n\t\t\t\t\t\t<\/span>\n\t\t<\/div>\n\t\t\t\t\t\t<\/div>\n\t\t\t\t<\/div>\n\t\t\t\t<div class=\"elementor-element elementor-element-f856136 mh200 elementor-widget elementor-widget-text-editor\" data-id=\"f856136\" data-element_type=\"widget\" data-e-type=\"widget\" data-widget_type=\"text-editor.default\">\n\t\t\t\t<div class=\"elementor-widget-container\">\n\t\t\t\t\t\t\t\t\t<p>La\u00a0<strong>cercan\u00eda<\/strong>\u00a0y\u00a0<strong>el trato humano<\/strong>\u00a0en su relaci\u00f3n con el entorno: personas beneficiarias, clientes, y personas que constituyen, constituimos, Asociaci\u00f3n Proyecto Hogar (APH).<\/p>\t\t\t\t\t\t\t\t<\/div>\n\t\t\t\t<\/div>\n\t\t\t\t\t<\/div>\n\t\t<\/div>\n\t\t\t\t\t<\/div>\n\t\t<\/section>\n\t\t\t\t<section class=\"elementor-section elementor-top-section elementor-element elementor-element-178b2d9 elementor-section-boxed elementor-section-height-default elementor-section-height-default\" data-id=\"178b2d9\" data-element_type=\"section\" data-e-type=\"section\">\n\t\t\t\t\t\t<div class=\"elementor-container elementor-column-gap-default\">\n\t\t\t\t\t<div class=\"elementor-column elementor-col-100 elementor-top-column elementor-element elementor-element-1377217\" data-id=\"1377217\" data-element_type=\"column\" data-e-type=\"column\">\n\t\t\t<div class=\"elementor-widget-wrap elementor-element-populated\">\n\t\t\t\t\t\t<div class=\"elementor-element elementor-element-f106b4d elementor-widget elementor-widget-gallery\" data-id=\"f106b4d\" data-element_type=\"widget\" data-e-type=\"widget\" data-settings=\"{&quot;lazyload&quot;:&quot;yes&quot;,&quot;gallery_layout&quot;:&quot;grid&quot;,&quot;columns&quot;:4,&quot;columns_tablet&quot;:2,&quot;columns_mobile&quot;:1,&quot;gap&quot;:{&quot;unit&quot;:&quot;px&quot;,&quot;size&quot;:10,&quot;sizes&quot;:[]},&quot;gap_tablet&quot;:{&quot;unit&quot;:&quot;px&quot;,&quot;size&quot;:10,&quot;sizes&quot;:[]},&quot;gap_mobile&quot;:{&quot;unit&quot;:&quot;px&quot;,&quot;size&quot;:10,&quot;sizes&quot;:[]},&quot;link_to&quot;:&quot;file&quot;,&quot;aspect_ratio&quot;:&quot;3:2&quot;,&quot;overlay_background&quot;:&quot;yes&quot;,&quot;content_hover_animation&quot;:&quot;fade-in&quot;}\" data-widget_type=\"gallery.default\">\n\t\t\t\t<div class=\"elementor-widget-container\">\n\t\t\t\t\t\t\t<div class=\"elementor-gallery__container\">\n\t\t\t\t\t\t\t<a class=\"e-gallery-item elementor-gallery-item elementor-animated-content\" href=\"https:\/\/asociacionproyectohogar.org\/wp-content\/uploads\/2023\/10\/78_bailando-scaled.jpg\" data-elementor-open-lightbox=\"yes\" data-elementor-lightbox-slideshow=\"f106b4d\" data-elementor-lightbox-title=\"78 bailando scaled\" data-elementor-lightbox-description=\"78 bailando scaled\" data-e-action-hash=\"#elementor-action%3Aaction%3Dlightbox%26settings%3DeyJpZCI6MjI2NSwidXJsIjoiaHR0cHM6XC9cL2Fzb2NpYWNpb25wcm95ZWN0b2hvZ2FyLm9yZ1wvd3AtY29udGVudFwvdXBsb2Fkc1wvMjAyM1wvMTBcLzc4X2JhaWxhbmRvLXNjYWxlZC5qcGciLCJzbGlkZXNob3ciOiJmMTA2YjRkIn0%3D\">\n\t\t\t\t\t<div class=\"e-gallery-image elementor-gallery-item__image\" data-thumbnail=\"https:\/\/asociacionproyectohogar.org\/wp-content\/uploads\/2023\/10\/78_bailando-300x200.jpg\" data-width=\"300\" data-height=\"200\" aria-label=\"78 bailando scaled\" role=\"img\" ><\/div>\n\t\t\t\t\t\t\t\t\t\t\t<div class=\"elementor-gallery-item__overlay\"><\/div>\n\t\t\t\t\t\t\t\t\t\t\t\t\t\t<\/a>\n\t\t\t\t\t\t\t<a class=\"e-gallery-item elementor-gallery-item elementor-animated-content\" href=\"https:\/\/asociacionproyectohogar.org\/wp-content\/uploads\/2023\/10\/Bailand_WhatsApp-Image-2023-09-19-at-14.18.57.jpeg\" data-elementor-open-lightbox=\"yes\" data-elementor-lightbox-slideshow=\"f106b4d\" data-elementor-lightbox-title=\"Bailand WhatsApp Image 2023 09 19 at 14.18.57\" data-elementor-lightbox-description=\"Bailand WhatsApp Image 2023 09 19 at 14.18.57\" data-e-action-hash=\"#elementor-action%3Aaction%3Dlightbox%26settings%3DeyJpZCI6MjI2NywidXJsIjoiaHR0cHM6XC9cL2Fzb2NpYWNpb25wcm95ZWN0b2hvZ2FyLm9yZ1wvd3AtY29udGVudFwvdXBsb2Fkc1wvMjAyM1wvMTBcL0JhaWxhbmRfV2hhdHNBcHAtSW1hZ2UtMjAyMy0wOS0xOS1hdC0xNC4xOC41Ny5qcGVnIiwic2xpZGVzaG93IjoiZjEwNmI0ZCJ9\">\n\t\t\t\t\t<div class=\"e-gallery-image elementor-gallery-item__image\" data-thumbnail=\"https:\/\/asociacionproyectohogar.org\/wp-content\/uploads\/2023\/10\/Bailand_WhatsApp-Image-2023-09-19-at-14.18.57-300x225.jpeg\" data-width=\"300\" data-height=\"225\" aria-label=\"Bailand WhatsApp Image 2023 09 19 at 14.18.57\" role=\"img\" ><\/div>\n\t\t\t\t\t\t\t\t\t\t\t<div class=\"elementor-gallery-item__overlay\"><\/div>\n\t\t\t\t\t\t\t\t\t\t\t\t\t\t<\/a>\n\t\t\t\t\t\t\t<a class=\"e-gallery-item elementor-gallery-item elementor-animated-content\" href=\"https:\/\/asociacionproyectohogar.org\/wp-content\/uploads\/2023\/10\/WhatsApp-Image-2023-03-22-at-19.02.21.jpeg\" data-elementor-open-lightbox=\"yes\" data-elementor-lightbox-slideshow=\"f106b4d\" data-elementor-lightbox-title=\"WhatsApp Image 2023 03 22 at 19.02.21\" data-elementor-lightbox-description=\"WhatsApp Image 2023 03 22 at 19.02.21\" data-e-action-hash=\"#elementor-action%3Aaction%3Dlightbox%26settings%3DeyJpZCI6MjE4NSwidXJsIjoiaHR0cHM6XC9cL2Fzb2NpYWNpb25wcm95ZWN0b2hvZ2FyLm9yZ1wvd3AtY29udGVudFwvdXBsb2Fkc1wvMjAyM1wvMTBcL1doYXRzQXBwLUltYWdlLTIwMjMtMDMtMjItYXQtMTkuMDIuMjEuanBlZyIsInNsaWRlc2hvdyI6ImYxMDZiNGQifQ%3D%3D\">\n\t\t\t\t\t<div class=\"e-gallery-image elementor-gallery-item__image\" data-thumbnail=\"https:\/\/asociacionproyectohogar.org\/wp-content\/uploads\/2023\/10\/WhatsApp-Image-2023-03-22-at-19.02.21-300x209.jpeg\" data-width=\"300\" data-height=\"209\" aria-label=\"WhatsApp Image 2023 03 22 at 19.02.21\" role=\"img\" ><\/div>\n\t\t\t\t\t\t\t\t\t\t\t<div class=\"elementor-gallery-item__overlay\"><\/div>\n\t\t\t\t\t\t\t\t\t\t\t\t\t\t<\/a>\n\t\t\t\t\t\t\t<a class=\"e-gallery-item elementor-gallery-item elementor-animated-content\" href=\"https:\/\/asociacionproyectohogar.org\/wp-content\/uploads\/2023\/10\/IMG_0063_b.jpg\" data-elementor-open-lightbox=\"yes\" data-elementor-lightbox-slideshow=\"f106b4d\" data-elementor-lightbox-title=\"IMG 0063 b\" data-elementor-lightbox-description=\"IMG 0063 b\" data-e-action-hash=\"#elementor-action%3Aaction%3Dlightbox%26settings%3DeyJpZCI6MjE4NiwidXJsIjoiaHR0cHM6XC9cL2Fzb2NpYWNpb25wcm95ZWN0b2hvZ2FyLm9yZ1wvd3AtY29udGVudFwvdXBsb2Fkc1wvMjAyM1wvMTBcL0lNR18wMDYzX2IuanBnIiwic2xpZGVzaG93IjoiZjEwNmI0ZCJ9\">\n\t\t\t\t\t<div class=\"e-gallery-image elementor-gallery-item__image\" data-thumbnail=\"https:\/\/asociacionproyectohogar.org\/wp-content\/uploads\/2023\/10\/IMG_0063_b-300x200.jpg\" data-width=\"300\" data-height=\"200\" aria-label=\"IMG 0063 b\" role=\"img\" ><\/div>\n\t\t\t\t\t\t\t\t\t\t\t<div class=\"elementor-gallery-item__overlay\"><\/div>\n\t\t\t\t\t\t\t\t\t\t\t\t\t\t<\/a>\n\t\t\t\t\t\t\t<a class=\"e-gallery-item elementor-gallery-item elementor-animated-content\" href=\"https:\/\/asociacionproyectohogar.org\/wp-content\/uploads\/2023\/10\/IMG_8367b.jpg\" data-elementor-open-lightbox=\"yes\" data-elementor-lightbox-slideshow=\"f106b4d\" data-elementor-lightbox-title=\"IMG 8367b\" data-elementor-lightbox-description=\"IMG 8367b\" data-e-action-hash=\"#elementor-action%3Aaction%3Dlightbox%26settings%3DeyJpZCI6MjE4OCwidXJsIjoiaHR0cHM6XC9cL2Fzb2NpYWNpb25wcm95ZWN0b2hvZ2FyLm9yZ1wvd3AtY29udGVudFwvdXBsb2Fkc1wvMjAyM1wvMTBcL0lNR184MzY3Yi5qcGciLCJzbGlkZXNob3ciOiJmMTA2YjRkIn0%3D\">\n\t\t\t\t\t<div class=\"e-gallery-image elementor-gallery-item__image\" data-thumbnail=\"https:\/\/asociacionproyectohogar.org\/wp-content\/uploads\/2023\/10\/IMG_8367b-300x200.jpg\" data-width=\"300\" data-height=\"200\" aria-label=\"IMG 8367b\" role=\"img\" ><\/div>\n\t\t\t\t\t\t\t\t\t\t\t<div class=\"elementor-gallery-item__overlay\"><\/div>\n\t\t\t\t\t\t\t\t\t\t\t\t\t\t<\/a>\n\t\t\t\t\t\t\t<a class=\"e-gallery-item elementor-gallery-item elementor-animated-content\" href=\"https:\/\/asociacionproyectohogar.org\/wp-content\/uploads\/2023\/10\/IMG_30441-scaled.jpg\" data-elementor-open-lightbox=\"yes\" data-elementor-lightbox-slideshow=\"f106b4d\" data-elementor-lightbox-title=\"IMG 30441 scaled\" data-elementor-lightbox-description=\"IMG 30441 scaled\" data-e-action-hash=\"#elementor-action%3Aaction%3Dlightbox%26settings%3DeyJpZCI6MjE5NiwidXJsIjoiaHR0cHM6XC9cL2Fzb2NpYWNpb25wcm95ZWN0b2hvZ2FyLm9yZ1wvd3AtY29udGVudFwvdXBsb2Fkc1wvMjAyM1wvMTBcL0lNR18zMDQ0MS1zY2FsZWQuanBnIiwic2xpZGVzaG93IjoiZjEwNmI0ZCJ9\">\n\t\t\t\t\t<div class=\"e-gallery-image elementor-gallery-item__image\" data-thumbnail=\"https:\/\/asociacionproyectohogar.org\/wp-content\/uploads\/2023\/10\/IMG_30441-300x200.jpg\" data-width=\"300\" data-height=\"200\" aria-label=\"IMG 30441 scaled\" role=\"img\" ><\/div>\n\t\t\t\t\t\t\t\t\t\t\t<div class=\"elementor-gallery-item__overlay\"><\/div>\n\t\t\t\t\t\t\t\t\t\t\t\t\t\t<\/a>\n\t\t\t\t\t\t\t<a class=\"e-gallery-item elementor-gallery-item elementor-animated-content\" href=\"https:\/\/asociacionproyectohogar.org\/wp-content\/uploads\/2023\/10\/IMG_9866_b.jpg\" data-elementor-open-lightbox=\"yes\" data-elementor-lightbox-slideshow=\"f106b4d\" data-elementor-lightbox-title=\"IMG 9866 b\" data-elementor-lightbox-description=\"IMG 9866 b\" data-e-action-hash=\"#elementor-action%3Aaction%3Dlightbox%26settings%3DeyJpZCI6MjE4NywidXJsIjoiaHR0cHM6XC9cL2Fzb2NpYWNpb25wcm95ZWN0b2hvZ2FyLm9yZ1wvd3AtY29udGVudFwvdXBsb2Fkc1wvMjAyM1wvMTBcL0lNR185ODY2X2IuanBnIiwic2xpZGVzaG93IjoiZjEwNmI0ZCJ9\">\n\t\t\t\t\t<div class=\"e-gallery-image elementor-gallery-item__image\" data-thumbnail=\"https:\/\/asociacionproyectohogar.org\/wp-content\/uploads\/2023\/10\/IMG_9866_b-300x200.jpg\" data-width=\"300\" data-height=\"200\" aria-label=\"IMG 9866 b\" role=\"img\" ><\/div>\n\t\t\t\t\t\t\t\t\t\t\t<div class=\"elementor-gallery-item__overlay\"><\/div>\n\t\t\t\t\t\t\t\t\t\t\t\t\t\t<\/a>\n\t\t\t\t\t\t\t<a class=\"e-gallery-item elementor-gallery-item elementor-animated-content\" href=\"https:\/\/asociacionproyectohogar.org\/wp-content\/uploads\/2023\/10\/57_bailando-scaled.jpg\" data-elementor-open-lightbox=\"yes\" data-elementor-lightbox-slideshow=\"f106b4d\" data-elementor-lightbox-title=\"57 bailando scaled\" data-elementor-lightbox-description=\"57 bailando scaled\" data-e-action-hash=\"#elementor-action%3Aaction%3Dlightbox%26settings%3DeyJpZCI6MjI2MCwidXJsIjoiaHR0cHM6XC9cL2Fzb2NpYWNpb25wcm95ZWN0b2hvZ2FyLm9yZ1wvd3AtY29udGVudFwvdXBsb2Fkc1wvMjAyM1wvMTBcLzU3X2JhaWxhbmRvLXNjYWxlZC5qcGciLCJzbGlkZXNob3ciOiJmMTA2YjRkIn0%3D\">\n\t\t\t\t\t<div class=\"e-gallery-image elementor-gallery-item__image\" data-thumbnail=\"https:\/\/asociacionproyectohogar.org\/wp-content\/uploads\/2023\/10\/57_bailando-300x200.jpg\" data-width=\"300\" data-height=\"200\" aria-label=\"57 bailando scaled\" role=\"img\" ><\/div>\n\t\t\t\t\t\t\t\t\t\t\t<div class=\"elementor-gallery-item__overlay\"><\/div>\n\t\t\t\t\t\t\t\t\t\t\t\t\t\t<\/a>\n\t\t\t\t\t<\/div>\n\t\t\t\t\t<\/div>\n\t\t\t\t<\/div>\n\t\t\t\t\t<\/div>\n\t\t<\/div>\n\t\t\t\t\t<\/div>\n\t\t<\/section>\n\t\t\t\t<\/div>","protected":false},"excerpt":{"rendered":"<p>Quienes somos Asociaci\u00f3n Proyecto Hogar es una entidad sin \u00e1nimo de lucro, constituida en el a\u00f1o 1989, de inter\u00e9s social, y declarada de Utilidad P\u00fablica, cuyo objetivo principal es actuar ante situaciones problem\u00e1ticas, de riesgo y\/o exclusi\u00f3n social. Para ello, se desarrollan diferentes programas y proyectos que contemplan actuaciones en este sentido. Adem\u00e1s, nuestra Asociaci\u00f3n &#8230; <a title=\"somos\" class=\"read-more\" href=\"https:\/\/asociacionproyectohogar.org\/en\/somos\/\" aria-label=\"Read more about somos\">Read more<\/a><\/p>","protected":false},"author":2,"featured_media":0,"parent":0,"menu_order":0,"comment_status":"closed","ping_status":"closed","template":"","meta":{"footnotes":""},"class_list":["post-416","page","type-page","status-publish"],"_links":{"self":[{"href":"https:\/\/asociacionproyectohogar.org\/en\/wp-json\/wp\/v2\/pages\/416","targetHints":{"allow":["GET"]}}],"collection":[{"href":"https:\/\/asociacionproyectohogar.org\/en\/wp-json\/wp\/v2\/pages"}],"about":[{"href":"https:\/\/asociacionproyectohogar.org\/en\/wp-json\/wp\/v2\/types\/page"}],"author":[{"embeddable":true,"href":"https:\/\/asociacionproyectohogar.org\/en\/wp-json\/wp\/v2\/users\/2"}],"replies":[{"embeddable":true,"href":"https:\/\/asociacionproyectohogar.org\/en\/wp-json\/wp\/v2\/comments?post=416"}],"version-history":[{"count":224,"href":"https:\/\/asociacionproyectohogar.org\/en\/wp-json\/wp\/v2\/pages\/416\/revisions"}],"predecessor-version":[{"id":2637,"href":"https:\/\/asociacionproyectohogar.org\/en\/wp-json\/wp\/v2\/pages\/416\/revisions\/2637"}],"wp:attachment":[{"href":"https:\/\/asociacionproyectohogar.org\/en\/wp-json\/wp\/v2\/media?parent=416"}],"curies":[{"name":"wp","href":"https:\/\/api.w.org\/{rel}","templated":true}]}}