{"id":562,"date":"2023-03-26T22:54:48","date_gmt":"2023-03-26T22:54:48","guid":{"rendered":"https:\/\/proyectohogar.endesys.net\/?page_id=562"},"modified":"2023-08-18T23:58:32","modified_gmt":"2023-08-18T23:58:32","slug":"accesibilidad","status":"publish","type":"page","link":"https:\/\/asociacionproyectohogar.org\/en\/accesibilidad\/","title":{"rendered":"accesibilidad"},"content":{"rendered":"<div data-elementor-type=\"wp-page\" data-elementor-id=\"562\" class=\"elementor elementor-562\" data-elementor-post-type=\"page\">\n\t\t\t\t\t\t<section class=\"elementor-section elementor-top-section elementor-element elementor-element-4b9502c elementor-section-stretched elementor-section-boxed elementor-section-height-default elementor-section-height-default\" data-id=\"4b9502c\" data-element_type=\"section\" data-e-type=\"section\" data-settings=\"{&quot;stretch_section&quot;:&quot;section-stretched&quot;}\">\n\t\t\t\t\t\t<div class=\"elementor-container elementor-column-gap-default\">\n\t\t\t\t\t<div class=\"elementor-column elementor-col-100 elementor-top-column elementor-element elementor-element-ec9e36d\" data-id=\"ec9e36d\" data-element_type=\"column\" data-e-type=\"column\">\n\t\t\t<div class=\"elementor-widget-wrap elementor-element-populated\">\n\t\t\t\t\t\t<div class=\"elementor-element elementor-element-a533460 elementor-widget elementor-widget-heading\" data-id=\"a533460\" data-element_type=\"widget\" data-e-type=\"widget\" data-widget_type=\"heading.default\">\n\t\t\t\t<div class=\"elementor-widget-container\">\n\t\t\t\t\t<h1 class=\"elementor-heading-title elementor-size-default\">Accesibilidad<\/h1>\t\t\t\t<\/div>\n\t\t\t\t<\/div>\n\t\t\t\t\t<\/div>\n\t\t<\/div>\n\t\t\t\t\t<\/div>\n\t\t<\/section>\n\t\t\t\t<section class=\"elementor-section elementor-top-section elementor-element elementor-element-204910d elementor-section-stretched elementor-section-boxed elementor-section-height-default elementor-section-height-default\" data-id=\"204910d\" data-element_type=\"section\" data-e-type=\"section\" data-settings=\"{&quot;stretch_section&quot;:&quot;section-stretched&quot;}\">\n\t\t\t\t\t\t<div class=\"elementor-container elementor-column-gap-default\">\n\t\t\t\t\t<div class=\"elementor-column elementor-col-100 elementor-top-column elementor-element elementor-element-44f78b8\" data-id=\"44f78b8\" data-element_type=\"column\" data-e-type=\"column\">\n\t\t\t<div class=\"elementor-widget-wrap elementor-element-populated\">\n\t\t\t\t\t\t<div class=\"elementor-element elementor-element-abeb2f5 elementor-widget elementor-widget-text-editor\" data-id=\"abeb2f5\" data-element_type=\"widget\" data-e-type=\"widget\" data-widget_type=\"text-editor.default\">\n\t\t\t\t<div class=\"elementor-widget-container\">\n\t\t\t\t\t\t\t\t\t<p><strong>La empresa<\/strong> , con datos expuestos en enlace <a href=\"\/en\/aviso-legal\/\">aviso-legal<\/a>,\u00a0 se ha comprometido a gestionar la accesibilidad de este sitio web, de conformidad con el <a href=\"http:\/\/www.boe.es\/diario_boe\/txt.php?id=BOE-A-2018-12699\">Real Decreto 1112\/2018, de 7 de septiembre, sobre accesibilidad de los sitios web<\/a>.<\/p><p><b>Evaluaci\u00f3n:\u00a0<\/b>Este sitio web es parcialmente conforme con el\u00a0<a href=\"http:\/\/www.boe.es\/diario_boe\/txt.php?id=BOE-A-2018-12699\">RD 1112\/2018<\/a>.\u00a0Se ha procurado que todo el contenido est\u00e1 totalmente accesible,\u00a0 podr\u00edan existir errores de c\u00f3digo puntuales de edici\u00f3n en alguna secci\u00f3n del sitio web. El nivel de conformidad es AA de la norma UNE-EN 301549:2019.\u00a0\u00a0Podr\u00edan existir algunos componentes de la interfaz de usuario que no se encuentren etiquetados correctamente.\u00a0Podr\u00edan existir archivos ofim\u00e1ticos en PDF u otros formatos publicados antes del 20 de septiembre de 2018 que no cumplan en su totalidad todos los requisitos de accesibilidad. Aunque se ha procurado que la mayor\u00eda de ellos s\u00ed lo cumplan.<\/p><p>La presente declaraci\u00f3n fue preparada el 20 de Febrero 2023.\u00a0El m\u00e9todo empleado para preparar la declaraci\u00f3n ha sido una autoevaluaci\u00f3n llevada a cabo por la propia empresa.\u00a0La Declaraci\u00f3n de Accesibilidad no ha sido revisada y actualizada desde la fecha indicada. Las herramientas utilizadas para esta evaluaci\u00f3n han sido:<\/p><ul><li>ContrastChecker (extensi\u00f3n de navegador chrome)<\/li><li>taba11y (extensi\u00f3n de\u00a0navegador\u00a0chrome)<\/li><li>Wave (extensi\u00f3n de\u00a0navegador\u00a0chrome)<\/li><li>Siteimprove\u00a0<\/li><li>Zoom para chrome (extensi\u00f3n\u00a0navegador\u00a0chrome)<\/li><li>Turn on caret browsing (extensi\u00f3n de chrome)<\/li><\/ul><p><strong>Contacto:\u00a0\u00a0<\/strong>Puede realizar\u00a0comunicaciones\u00a0sobre requisitos de accesibilidad (art\u00edculo 10.2.a del RD 1112\/2018) como por ejemplo:<\/p><ul><li>informar sobre cualquier posible incumplimiento por parte de este sitio web<\/li><li>transmitir otras\u00a0dificultades de acceso\u00a0al contenido<\/li><li>formular cualquier otra\u00a0consulta o sugerencia de mejora\u00a0relativa a la accesibilidad del sitio web<\/li><\/ul><p>Puede presentar queja relativa al cumplimiento de los requisitos del RD 1112\/2018.\u00a0En la Solicitud de informaci\u00f3n accesible, se debe concretar, con toda claridad, los hechos, razones y petici\u00f3n que permitan constatar que se trata de una solicitud razonable y leg\u00edtima.<\/p><p>\u00a0Las quejas y reclamaciones sobre informaci\u00f3n accesible se realizar\u00e1n a trav\u00e9s del <a href=\"\/en\/contacto\/\">formulario de contacto<\/a> de la p\u00e1gina web.<\/p><p>Contenido:\u00a0Este portal est\u00e1 dise\u00f1ado para poder cambiar el tama\u00f1o del texto y el color, as\u00ed como el fondo de la p\u00e1gina mediante las opciones de configuraci\u00f3n est\u00e1ndar de los navegadores.<\/p><p>Si desea cambiar el tama\u00f1o de letra del texto en los principales navegadores gr\u00e1ficos utilice los siguientes men\u00fas:<\/p><ul><li>Internet Explorer, Mozilla y Firefox: Ver &gt; Tama\u00f1o del texto<\/li><li>Opera: Ver &gt; Zoom<\/li><li>Safari: Ver &gt; Hacer el texto m\u00e1s grande<\/li><li>Chrome: Controla la p\u00e1gina actual &gt; Tama\u00f1o del texto<\/li><li>Para modificar el tama\u00f1o de todo en la p\u00e1gina:<ul><li>Ctrl + + para aumentarlo<\/li><li>Ctrl + &#8211; para disminuirlo<\/li><li>Ctrl + 0 restaura el tama\u00f1o original del texto<\/li><li>Si lo que quiere es anular la hoja de estilos o modificar el color del texto, puede consultar la p\u00e1gina\u00a0<span lang=\"en\">How to Change Text Size or Colors<\/span>\u00a0de la WAI, que se puede leer traducida al espa\u00f1ol en \u00bfC\u00f3mo cambiar el tama\u00f1o del texto o colores?<\/li><\/ul><\/li><\/ul>\t\t\t\t\t\t\t\t<\/div>\n\t\t\t\t<\/div>\n\t\t\t\t\t<\/div>\n\t\t<\/div>\n\t\t\t\t\t<\/div>\n\t\t<\/section>\n\t\t\t\t<section class=\"elementor-section elementor-top-section elementor-element elementor-element-18b0614 elementor-section-boxed elementor-section-height-default elementor-section-height-default\" data-id=\"18b0614\" data-element_type=\"section\" data-e-type=\"section\">\n\t\t\t\t\t\t<div class=\"elementor-container elementor-column-gap-default\">\n\t\t\t\t\t<div class=\"elementor-column elementor-col-100 elementor-top-column elementor-element elementor-element-f63e2ac\" data-id=\"f63e2ac\" data-element_type=\"column\" data-e-type=\"column\">\n\t\t\t<div class=\"elementor-widget-wrap elementor-element-populated\">\n\t\t\t\t\t\t<div class=\"elementor-element elementor-element-8915348 elementor-widget elementor-widget-image\" data-id=\"8915348\" data-element_type=\"widget\" data-e-type=\"widget\" data-widget_type=\"image.default\">\n\t\t\t\t<div class=\"elementor-widget-container\">\n\t\t\t\t\t\t\t\t\t\t\t\t\t\t\t\t<a href=\"https:\/\/www.w3.org\/WAI\/WCAG1A-Conformance%20%20\">\n\t\t\t\t\t\t\t<img decoding=\"async\" width=\"88\" height=\"31\" src=\"https:\/\/asociacionproyectohogar.org\/wp-content\/uploads\/2023\/03\/wcag1A.gif\" class=\"attachment-large size-large wp-image-613\" alt=\"wcag1A\" \/>\t\t\t\t\t\t\t\t<\/a>\n\t\t\t\t\t\t\t\t\t\t\t\t\t\t\t<\/div>\n\t\t\t\t<\/div>\n\t\t\t\t\t<\/div>\n\t\t<\/div>\n\t\t\t\t\t<\/div>\n\t\t<\/section>\n\t\t\t\t<\/div>","protected":false},"excerpt":{"rendered":"<p>Accesibilidad La empresa , con datos expuestos en enlace aviso-legal,\u00a0 se ha comprometido a gestionar la accesibilidad de este sitio web, de conformidad con el Real Decreto 1112\/2018, de 7 de septiembre, sobre accesibilidad de los sitios web. Evaluaci\u00f3n:\u00a0Este sitio web es parcialmente conforme con el\u00a0RD 1112\/2018.\u00a0Se ha procurado que todo el contenido est\u00e1 totalmente &#8230; <a title=\"accesibilidad\" class=\"read-more\" href=\"https:\/\/asociacionproyectohogar.org\/en\/accesibilidad\/\" aria-label=\"Read more about accesibilidad\">Read more<\/a><\/p>","protected":false},"author":2,"featured_media":0,"parent":0,"menu_order":0,"comment_status":"closed","ping_status":"closed","template":"","meta":{"footnotes":""},"class_list":["post-562","page","type-page","status-publish"],"_links":{"self":[{"href":"https:\/\/asociacionproyectohogar.org\/en\/wp-json\/wp\/v2\/pages\/562","targetHints":{"allow":["GET"]}}],"collection":[{"href":"https:\/\/asociacionproyectohogar.org\/en\/wp-json\/wp\/v2\/pages"}],"about":[{"href":"https:\/\/asociacionproyectohogar.org\/en\/wp-json\/wp\/v2\/types\/page"}],"author":[{"embeddable":true,"href":"https:\/\/asociacionproyectohogar.org\/en\/wp-json\/wp\/v2\/users\/2"}],"replies":[{"embeddable":true,"href":"https:\/\/asociacionproyectohogar.org\/en\/wp-json\/wp\/v2\/comments?post=562"}],"version-history":[{"count":18,"href":"https:\/\/asociacionproyectohogar.org\/en\/wp-json\/wp\/v2\/pages\/562\/revisions"}],"predecessor-version":[{"id":1361,"href":"https:\/\/asociacionproyectohogar.org\/en\/wp-json\/wp\/v2\/pages\/562\/revisions\/1361"}],"wp:attachment":[{"href":"https:\/\/asociacionproyectohogar.org\/en\/wp-json\/wp\/v2\/media?parent=562"}],"curies":[{"name":"wp","href":"https:\/\/api.w.org\/{rel}","templated":true}]}}