{"id":78,"date":"2023-02-12T12:53:20","date_gmt":"2023-02-12T12:53:20","guid":{"rendered":"https:\/\/proyectohogar.endesys.net\/?page_id=78"},"modified":"2023-09-27T21:45:57","modified_gmt":"2023-09-27T21:45:57","slug":"politica-privacidad","status":"publish","type":"page","link":"https:\/\/asociacionproyectohogar.org\/en\/politica-privacidad\/","title":{"rendered":"politica-privacidad"},"content":{"rendered":"<div data-elementor-type=\"wp-page\" data-elementor-id=\"78\" class=\"elementor elementor-78\" data-elementor-post-type=\"page\">\n\t\t\t\t\t\t<section class=\"elementor-section elementor-top-section elementor-element elementor-element-4b9502c elementor-section-stretched elementor-section-boxed elementor-section-height-default elementor-section-height-default\" data-id=\"4b9502c\" data-element_type=\"section\" data-e-type=\"section\" data-settings=\"{&quot;stretch_section&quot;:&quot;section-stretched&quot;}\">\n\t\t\t\t\t\t<div class=\"elementor-container elementor-column-gap-default\">\n\t\t\t\t\t<div class=\"elementor-column elementor-col-100 elementor-top-column elementor-element elementor-element-ec9e36d\" data-id=\"ec9e36d\" data-element_type=\"column\" data-e-type=\"column\">\n\t\t\t<div class=\"elementor-widget-wrap elementor-element-populated\">\n\t\t\t\t\t\t<div class=\"elementor-element elementor-element-a533460 elementor-widget elementor-widget-heading\" data-id=\"a533460\" data-element_type=\"widget\" data-e-type=\"widget\" data-widget_type=\"heading.default\">\n\t\t\t\t<div class=\"elementor-widget-container\">\n\t\t\t\t\t<h3 class=\"elementor-heading-title elementor-size-default\">Pol\u00edtica de privacidad<\/h3>\t\t\t\t<\/div>\n\t\t\t\t<\/div>\n\t\t\t\t\t<\/div>\n\t\t<\/div>\n\t\t\t\t\t<\/div>\n\t\t<\/section>\n\t\t\t\t<section class=\"elementor-section elementor-top-section elementor-element elementor-element-204910d elementor-section-stretched elementor-section-boxed elementor-section-height-default elementor-section-height-default\" data-id=\"204910d\" data-element_type=\"section\" data-e-type=\"section\" data-settings=\"{&quot;stretch_section&quot;:&quot;section-stretched&quot;}\">\n\t\t\t\t\t\t<div class=\"elementor-container elementor-column-gap-default\">\n\t\t\t\t\t<div class=\"elementor-column elementor-col-100 elementor-top-column elementor-element elementor-element-44f78b8\" data-id=\"44f78b8\" data-element_type=\"column\" data-e-type=\"column\">\n\t\t\t<div class=\"elementor-widget-wrap elementor-element-populated\">\n\t\t\t\t\t\t<div class=\"elementor-element elementor-element-abeb2f5 elementor-widget elementor-widget-text-editor\" data-id=\"abeb2f5\" data-element_type=\"widget\" data-e-type=\"widget\" data-widget_type=\"text-editor.default\">\n\t\t\t\t<div class=\"elementor-widget-container\">\n\t\t\t\t\t\t\t\t\t<p><strong>\u00bfQui\u00e9n es el responsable del tratamiento de tus datos?<\/strong><\/p><p>ASOCIACI\u00d3N PROYECTO HOGAR<\/p><p>Domicilio: Calle General Lacy, n\u00ba 7, Bajo Interior Dcha. C.P. 28045, Madrid.<\/p><p>CIF: G79171732<\/p><p>Tfno: 632528309 \/ 913146042<\/p><p>Delegado de Protecci\u00f3n de Datos: <a href=\"mailto:dpo@proyectohogar.org\">dpo@proyectohogar.org<\/a><\/p><p>\u00a0<\/p><p>Puedes dirigirte de cualquier forma para comunicarte con nosotros.<\/p><p>Nos reservamos el derecho a modificar o adaptar la presente Pol\u00edtica de Privacidad en cualquier momento. Te recomendamos revisar la misma, y si te has registrado y accedes a tu cuenta o perfil, se te informar\u00e1 de las modificaciones.<\/p><p>\u00a0<\/p><p>Si eres alguno de los siguientes colectivos, consulta siguiente informaci\u00f3n:<\/p><p>\u00a0<\/p><p><strong>+ CONTACTOS DE LA WEB O DEL CORREO ELECTR\u00d3NICO<\/strong><\/p><p><strong>\u00bfQu\u00e9 datos recopilamos a trav\u00e9s de la Web?<\/strong><\/p><p>Podemos tratar tu IP, qu\u00e9 sistema operativo o navegador usas, e incluso la duraci\u00f3n de tu visita, de forma an\u00f3nima.<\/p><p>Si nos facilitas datos en el formulario de contacto, te identificar\u00e1s para poder contactar contigo, en caso de que sea necesario.<\/p><p><strong>\u00bfCon que finalidades vamos a tratar sus datos personales?<\/strong><\/p><ul><li>Contestar a tus consultas, solicitudes o peticiones.<\/li><li>Gestionar el servicio solicitado, contestar tu solicitud, o tramitar tu petici\u00f3n.<\/li><li>Informaci\u00f3n por medios electr\u00f3nicos, que versen sobre tu solicitud.<\/li><li>Informaci\u00f3n comercial o de eventos por medios electr\u00f3nicos, siempre que exista autorizaci\u00f3n expresa.<\/li><li>Realizar an\u00e1lisis y mejoras en la Web, sobre nuestros productos y servicios. Mejorar nuestra estrategia comercial.<\/li><\/ul><p><strong>\u00bfCu\u00e1l es la legitimaci\u00f3n para el tratamiento de tus datos?<\/strong><\/p><p>La aceptaci\u00f3n y consentimiento del interesado, otorgado a\u00a0 trav\u00e9s de una acci\u00f3n voluntaria, como en los casos donde para realizar una solicitud sea necesario cumplimentar un formulario y hacer un \u00abclick\u00bb en el bot\u00f3n de enviar, la realizaci\u00f3n del mismo implicar\u00e1 necesariamente que ha sido informado y ha otorgado expresamente su consentimiento al contenido de la cl\u00e1usula anexada a dicho formulario o aceptaci\u00f3n de la pol\u00edtica de privacidad.<\/p><p>Todos nuestros formularios cuentan con el s\u00edmbolo * en los datos obligatorios. Si no facilitas esos campos, o no marcas el checkbox de aceptaci\u00f3n de la pol\u00edtica de privacidad, no se permitir\u00e1 el env\u00edo de la informaci\u00f3n. Normalmente tiene la siguiente f\u00f3rmula: \u201c\u25a1 Soy mayor de 14 y he le\u00eddo y acepto la Pol\u00edtica de privacidad.\u201d<\/p><p><strong>\u00bfDurante cu\u00e1nto tiempo vamos a mantener los datos personales?<\/strong><\/p><p>Hasta la revocaci\u00f3n del consentimiento otorgado.<\/p><p>\u00a0<\/p><p><strong>+ CONTACTOS DEL NEWSLETTER\/BOLET\u00cdN<\/strong><\/p><p><strong>\u00bfQu\u00e9 datos recopilamos a trav\u00e9s del newsletter?<\/strong><\/p><p>En la Web, se permite suscribirse al Newsletter, si nos facilitas una direcci\u00f3n de correo electr\u00f3nico, a la que se remitir\u00e1 la misma.<\/p><p>Almacenaremos \u00fanicamente tu email en nuestra base de datos, y procederemos a enviarte correos peri\u00f3dicamente, hasta que solicites la baja, o dejemos de enviar correos.<\/p><p>Siempre tendr\u00e1s la opci\u00f3n de darte de baja, en cualquier comunicaci\u00f3n.<\/p><p><strong>\u00bfCon que finalidades vamos a tratar sus datos personales?<\/strong><\/p><ul><li>Gestionar el servicio solicitado.<\/li><li>Informaci\u00f3n por medios electr\u00f3nicos, que versen sobre tu solicitud.<\/li><li>Informaci\u00f3n comercial o de eventos por medios electr\u00f3nicos, siempre que exista autorizaci\u00f3n expresa.<\/li><li>Realizar an\u00e1lisis y mejoras en el env\u00edo de mailing, para mejorar nuestra estrategia comercial.<\/li><\/ul><p><strong>\u00bfCu\u00e1l es la legitimaci\u00f3n para el tratamiento de tus datos?<\/strong><\/p><p>La aceptaci\u00f3n y consentimiento del interesado. En aquellos casos donde te suscribas ser\u00e1 necesario aceptar un checkbox y clicar en el bot\u00f3n de enviar. Ello implicara necesariamente que has sido informado y has otorgado expresamente tu consentimiento a la recepci\u00f3n del newsletter.<\/p><p>Si no marcas el checkbox de aceptaci\u00f3n de la pol\u00edtica de privacidad, no se permitir\u00e1 el env\u00edo de la informaci\u00f3n. Normalmente tiene la siguiente f\u00f3rmula: \u201c\u25a1 Soy mayor de 14 y he le\u00eddo y acepto la Pol\u00edtica de privacidad.\u201d<\/p><p><strong>\u00bfDurante cu\u00e1nto tiempo vamos a mantener los datos personales?<\/strong><\/p><p>Hasta la revocaci\u00f3n del consentimiento otorgado.<\/p><p>\u00a0<\/p><p><strong>+ENCUESTAS DE CALIDAD<\/strong><\/p><p><strong>\u00bfCon que finalidades vamos a tratar sus datos personales?<\/strong><\/p><ul><li>Valorar el grado de calidad en el servicio dispensado<\/li><\/ul><p><strong>\u00bfCu\u00e1l es la legitimaci\u00f3n para el tratamiento de tus datos?<\/strong><\/p><p>La base legal es el consentimiento expreso del encuestado.<\/p><p><strong>\u00bfDurante cu\u00e1nto tiempo vamos a mantener los datos personales?<\/strong><\/p><p>Hasta la revocaci\u00f3n del consentimiento otorgado.<\/p><p>\u00a0<\/p><p><strong>+PROVEEDORES<\/strong><\/p><p><strong>\u00bfCon que finalidades vamos a tratar sus datos personales?<\/strong><\/p><ul><li>Informaci\u00f3n por medios electr\u00f3nicos, que versen sobre tu solicitud.<\/li><li>Informaci\u00f3n comercial o de eventos por medios electr\u00f3nicos, siempre que exista autorizaci\u00f3n expresa.<\/li><li>Gestionar los servicios administrativos, de comunicaciones y de log\u00edstica realizados por el Responsable.<\/li><li>Facturaci\u00f3n.<\/li><li>Realizar las transacciones que correspondan.<\/li><li>Facturaci\u00f3n y declaraci\u00f3n de los impuestos oportunos.<\/li><li>Gestiones de control y recobro.<\/li><\/ul><p><strong>\u00bfCu\u00e1l es la legitimaci\u00f3n para el tratamiento de tus datos?<\/strong><\/p><p>La base legal es la aceptaci\u00f3n de una relaci\u00f3n contractual, o en su defecto tu consentimiento al contactar con nosotros u ofrecernos sus productos por alguna v\u00eda.<\/p><p><strong>\u00bfDurante cu\u00e1nto tiempo vamos a mantener los datos personales?<\/strong><\/p><p>Durante la vigencia de las relaciones entre las partes y por los plazos de prescripci\u00f3n derivados de las mismas.<\/p><p>\u00a0<\/p><p><strong>+ASOCIADOS<\/strong><\/p><p><strong>\u00bfCon que finalidades vamos a tratar sus datos personales?<\/strong><\/p><ul><li>Organizaci\u00f3n de las actuaciones necesarias para la consecuci\u00f3n de los fines de la asociaci\u00f3n.<\/li><li>Gesti\u00f3n interna y cumplimiento legal de la misma.<\/li><li>Convocatoria de juntas.<\/li><li>Realizar las transacciones o el cobro de cuotas que correspondan.<\/li><li>Declaraci\u00f3n de los impuestos oportunos.<\/li><\/ul><p><strong>\u00bfCu\u00e1l es la legitimaci\u00f3n para el tratamiento de tus datos?<\/strong><\/p><p>La base legal es contractual, la aceptaci\u00f3n de lo dispuesto en el acta fundacional y en los estatutos de la Asociaci\u00f3n.<\/p><p><strong>\u00bfDurante cu\u00e1nto tiempo vamos a mantener los datos personales?<\/strong><\/p><p>Durante la vigencia de las relaciones entre las partes y por los plazos de prescripci\u00f3n derivados de las mismas.<\/p><p>\u00a0<\/p><p><strong>+CONTACTOS REDES SOCIALES<\/strong><\/p><p><strong>\u00bfCon que finalidades vamos a tratar sus datos personales?<\/strong><\/p><ul><li>Contestar a tus consultas, solicitudes o peticiones.<\/li><li>Gestionar el servicio solicitado, contestar tu solicitud, o tramitar tu petici\u00f3n.<\/li><li>Relacionarnos contigo y crear una comunidad de seguidores.<\/li><\/ul><p><strong>\u00bfCu\u00e1l es la legitimaci\u00f3n para el tratamiento de tus datos?<\/strong><\/p><p>Las bases que legitiman el tratamiento es el consentimiento voluntario del interesado de ponerse en contacto y, en su caso, la aceptaci\u00f3n de una relaci\u00f3n contractual en el entorno de la red social que corresponda. El tratamiento de los datos dentro de la Red Social se realizar\u00e1 conforme a sus pol\u00edticas de Privacidad.<\/p><p>\u00a0\u00a0\u00a0\u00a0\u00a0\u00a0\u00a0\u00a0\u00a0\u00a0\u00a0\u00a0\u00a0\u00a0\u00a0<\/p><p><strong>\u00bfDurante cu\u00e1nto tiempo vamos a mantener los datos personales?<\/strong><\/p><p>S\u00f3lo podemos consultar o dar de baja tus datos de forma restringida al tener un perfil espec\u00edfico. Los trataremos tanto tiempo como tu nos dejes sigui\u00e9ndonos, siendo amigos o d\u00e1ndole a \u201cme gusta\u201d, \u201cseguir\u201d o botones similares.<\/p><p>Cualquier rectificaci\u00f3n de tus datos o restricci\u00f3n de informaci\u00f3n o de publicaciones debes realizarla a trav\u00e9s de la configuraci\u00f3n de tu perfil o usuario en la propia red social.<\/p><p><strong>\u00a0<\/strong><\/p><p><strong>+DEMANDANTES DE EMPLEO<\/strong><\/p><p>\u00bfCon que finalidades vamos a tratar sus datos personales?<\/p><ul><li>Organizaci\u00f3n de procesos de selecci\u00f3n para la contrataci\u00f3n de empleados.<\/li><li>Citarte para entrevistas de trabajo y evaluar tu candidatura.<\/li><li>Si nos has dado tu consentimiento, se lo podremos ceder a empresas colaboradoras o afines, con el \u00fanico objetivo de ayudarte a encontrar empleo.<\/li><li>Si marcas el checkbox de aceptaci\u00f3n de la pol\u00edtica de privacidad, nos das tu consentimiento para ceder tu solicitud de empleo a las entidades que componen el grupo de empresas con el objetivo de incluirte en sus procesos de selecci\u00f3n de personal<\/li><\/ul><p>Asimismo, te comunicamos que transcurrido un a\u00f1o desde la recepci\u00f3n de tu curr\u00edculum vitae, procederemos a su destrucci\u00f3n segura.<\/p><p><strong>\u00bfCu\u00e1l es la legitimaci\u00f3n para el tratamiento de tus datos?<\/strong><\/p><p>La base legal es tu consentimiento inequ\u00edvoco, al enviarnos tu CV.<\/p><p><strong>\u00bfDurante cu\u00e1nto tiempo vamos a mantener los datos personales?<\/strong><\/p><p>Por un plazo m\u00ednimo de 1 a\u00f1o o hasta la revocaci\u00f3n del consentimiento otorgado.<\/p><p>\u00a0<\/p><p><strong>\u00bfIncluimos datos personales de terceras personas?<\/strong><\/p><p>No, como norma general s\u00f3lo tratamos los datos que nos facilitan los titulares. Si\u00a0 nos aportas datos de terceros, deber\u00e1s con car\u00e1cter previo, informar y solicitar su consentimiento a dichas personas, o de lo contrario nos eximes de cualquier responsabilidad por el incumplimiento de \u00e9ste requisito.<\/p><p>\u00a0<\/p><p><strong>\u00bfRealizaremos comunicaciones por medios electr\u00f3nicos?<\/strong><\/p><ul><li>S\u00f3lo se realizar\u00e1n para gestionar tu solicitud, si es uno de los medios de contacto que nos ha facilitado.<\/li><li>Si realizamos comunicaciones comerciales habr\u00e1n sido previa y expresamente autorizadas por ti.<\/li><\/ul><p><strong>\u00bfQu\u00e9 medidas de seguridad aplicamos?<\/strong><\/p><p>Puedes estar tranquilo: Hemos adoptado un nivel \u00f3ptimo de protecci\u00f3n de los Datos Personales que manejamos, y hemos instalado todos los medios y medidas t\u00e9cnicas a nuestra disposici\u00f3n seg\u00fan el estado de la tecnolog\u00eda para evitar la p\u00e9rdida, mal uso, alteraci\u00f3n, acceso no autorizado y robo de los Datos Personales.<\/p><p>\u00a0<\/p><p><strong>\u00bfA qu\u00e9 destinatarios se comunicar\u00e1n tus datos?<\/strong><\/p><p>Tus datos no se ceder\u00e1n a terceros, salvo obligaci\u00f3n legal. En concreto se comunicar\u00e1n a la Agencia Estatal de la Administraci\u00f3n Tributaria y a bancos y entidades financieras para el cobro del servicio prestado o producto adquirido Como a los encargados del tratamiento necesarios para la ejecuci\u00f3n del acuerdo.<\/p><p>\u00a0<\/p><p>En caso de compra o pago, si eliges alguna aplicaci\u00f3n, web, plataforma, tarjeta bancaria, o alg\u00fan otro servicio online, tus datos se ceder\u00e1n a esa plataforma o se tratar\u00e1n en su entorno, siempre con la m\u00e1xima seguridad.<\/p><p>Cuando se lo ordenemos, tendr\u00e1n acceso a nuestra web la empresa de desarrollo y mantenimiento web, alojamiento web\/hosting. Las mismas tendr\u00e1n firmado un contrato de prestaci\u00f3n de servicios que les obliga a mantener el mismo nivel de privacidad que nosotros.<\/p><p>\u00a0<\/p><p><strong>\u00bfQu\u00e9 Derechos tienes?<\/strong><\/p><ul><li>A saber si estamos tratando tus datos o no.<\/li><li>A acceder a tus datos personales.<\/li><li>A solicitar la rectificaci\u00f3n de tus datos si son inexactos.<\/li><li>A solicitar la supresi\u00f3n de tus datos si ya no son necesarios para los fines para los que fueron recogidos o si nos retiras el consentimiento otorgado.<\/li><li>A solicitar la limitaci\u00f3n del tratamiento de sus datos, en algunos supuestos, en cuyo caso s\u00f3lo los conservaremos de acuerdo con la normativa vigente.<\/li><li>A portar tus datos, que te ser\u00e1n facilitados en un formato estructurado, de uso com\u00fan o lectura mec\u00e1nica. Si lo prefieres, se los podemos enviar al nuevo responsable que nos designes. S\u00f3lo es v\u00e1lido en determinados supuestos.<\/li><li>A presentar una reclamaci\u00f3n ante la Agencia Espa\u00f1ola de Protecci\u00f3n de Datos o autoridad de control competente, si crees que no te hemos atendido correctamente.<\/li><li>A revocar el consentimiento para cualquier tratamiento para el que hayas consentido, en cualquier momento.<\/li><\/ul><p>Si modificas alg\u00fan dato, te agradecemos que nos lo comuniques para mantenerlos actualizados.<\/p><p>\u00a0<\/p><p><strong>\u00bfQuieres un formulario para el ejercicio de Derechos?\u00a0\u00a0\u00a0\u00a0\u00a0\u00a0\u00a0\u00a0\u00a0\u00a0\u00a0\u00a0\u00a0\u00a0 <\/strong><\/p><ul><li>Tenemos formularios para el ejercicio de tus derechos, p\u00eddenoslos por email o si lo prefieres, puedes usar los elaborados por la Agencia Espa\u00f1ola de Protecci\u00f3n de Datos o terceros.<\/li><li>Estos formularios deben ir firmados electr\u00f3nicamente o ser acompa\u00f1ados de fotocopia del DNI.<\/li><li>Si te representa alguien, debes adjuntarnos copia de su DNI, o que lo firme con su firma electr\u00f3nica.<\/li><li>Los formularios pueden ser presentados presencialmente, enviados por carta o por mail en la direcci\u00f3n del Responsable al inicio de este texto.<\/li><\/ul><p>\u00a0<\/p><p><strong>\u00bfCu\u00e1nto tardamos en contestarte al Ejercicio de Derechos?<\/strong><\/p><p>Depende del derecho, pero como m\u00e1ximo en un mes desde tu solicitud, y dos meses si el tema es muy complejo y te notificamos que necesitamos m\u00e1s tiempo.<\/p><p>\u00a0<\/p><p><strong>\u00bfTratamos cookies?<\/strong><\/p><p>Si usamos otro tipo de cookies que no sean las necesarias, podr\u00e1s consultar la pol\u00edtica de cookies en el enlace correspondiente desde el inicio de nuestra web.<\/p><p><strong>\u00a0<\/strong><\/p><p><strong>\u00bfDurante cu\u00e1nto tiempo vamos a mantener tus datos personales?<\/strong><\/p><ul><li>Los datos personales ser\u00e1n mantenidos mientras sigas vinculado con nosotros.<\/li><li>Una vez te desvincules, los datos personales tratados en cada finalidad se mantendr\u00e1n durante los plazos legalmente previstos, incluido el plazo en el que un juez o tribunal los pueda requerir atendiendo al plazo de prescripci\u00f3n de acciones judiciales.<\/li><li>Los datos tratados se mantendr\u00e1n en tanto no expiren los plazos legales aludidos anteriormente, si hubiera obligaci\u00f3n legal de mantenimiento, o de no existir ese plazo legal, hasta que el interesado solicite su supresi\u00f3n o revoque el consentimiento otorgado.<\/li><li>Mantendremos toda la informaci\u00f3n y comunicaciones relativas a tu compra o a la prestaci\u00f3n de nuestro servicio, mientras duren las garant\u00edas de los productos o servicios, para atender posibles reclamaciones.<\/li><\/ul>\t\t\t\t\t\t\t\t<\/div>\n\t\t\t\t<\/div>\n\t\t\t\t\t<\/div>\n\t\t<\/div>\n\t\t\t\t\t<\/div>\n\t\t<\/section>\n\t\t\t\t<\/div>","protected":false},"excerpt":{"rendered":"<p>Pol\u00edtica de privacidad \u00bfQui\u00e9n es el responsable del tratamiento de tus datos? ASOCIACI\u00d3N PROYECTO HOGAR Domicilio: Calle General Lacy, n\u00ba 7, Bajo Interior Dcha. C.P. 28045, Madrid. CIF: G79171732 Tfno: 632528309 \/ 913146042 Delegado de Protecci\u00f3n de Datos: dpo@proyectohogar.org \u00a0 Puedes dirigirte de cualquier forma para comunicarte con nosotros. Nos reservamos el derecho a modificar &#8230; <a title=\"politica-privacidad\" class=\"read-more\" href=\"https:\/\/asociacionproyectohogar.org\/en\/politica-privacidad\/\" aria-label=\"Read more about politica-privacidad\">Read more<\/a><\/p>","protected":false},"author":2,"featured_media":0,"parent":0,"menu_order":0,"comment_status":"closed","ping_status":"closed","template":"","meta":{"footnotes":""},"class_list":["post-78","page","type-page","status-publish"],"_links":{"self":[{"href":"https:\/\/asociacionproyectohogar.org\/en\/wp-json\/wp\/v2\/pages\/78","targetHints":{"allow":["GET"]}}],"collection":[{"href":"https:\/\/asociacionproyectohogar.org\/en\/wp-json\/wp\/v2\/pages"}],"about":[{"href":"https:\/\/asociacionproyectohogar.org\/en\/wp-json\/wp\/v2\/types\/page"}],"author":[{"embeddable":true,"href":"https:\/\/asociacionproyectohogar.org\/en\/wp-json\/wp\/v2\/users\/2"}],"replies":[{"embeddable":true,"href":"https:\/\/asociacionproyectohogar.org\/en\/wp-json\/wp\/v2\/comments?post=78"}],"version-history":[{"count":31,"href":"https:\/\/asociacionproyectohogar.org\/en\/wp-json\/wp\/v2\/pages\/78\/revisions"}],"predecessor-version":[{"id":2154,"href":"https:\/\/asociacionproyectohogar.org\/en\/wp-json\/wp\/v2\/pages\/78\/revisions\/2154"}],"wp:attachment":[{"href":"https:\/\/asociacionproyectohogar.org\/en\/wp-json\/wp\/v2\/media?parent=78"}],"curies":[{"name":"wp","href":"https:\/\/api.w.org\/{rel}","templated":true}]}}