{"id":80,"date":"2023-02-12T12:53:51","date_gmt":"2023-02-12T12:53:51","guid":{"rendered":"https:\/\/proyectohogar.endesys.net\/?page_id=80"},"modified":"2023-09-27T21:44:46","modified_gmt":"2023-09-27T21:44:46","slug":"aviso-legal","status":"publish","type":"page","link":"https:\/\/asociacionproyectohogar.org\/en\/aviso-legal\/","title":{"rendered":"aviso-legal"},"content":{"rendered":"<div data-elementor-type=\"wp-page\" data-elementor-id=\"80\" class=\"elementor elementor-80\" data-elementor-post-type=\"page\">\n\t\t\t\t\t\t<section class=\"elementor-section elementor-top-section elementor-element elementor-element-26c7e18 elementor-section-stretched elementor-section-boxed elementor-section-height-default elementor-section-height-default\" data-id=\"26c7e18\" data-element_type=\"section\" data-e-type=\"section\" data-settings=\"{&quot;stretch_section&quot;:&quot;section-stretched&quot;}\">\n\t\t\t\t\t\t<div class=\"elementor-container elementor-column-gap-default\">\n\t\t\t\t\t<div class=\"elementor-column elementor-col-100 elementor-top-column elementor-element elementor-element-5c02d86\" data-id=\"5c02d86\" data-element_type=\"column\" data-e-type=\"column\">\n\t\t\t<div class=\"elementor-widget-wrap elementor-element-populated\">\n\t\t\t\t\t\t<div class=\"elementor-element elementor-element-308c089 elementor-widget elementor-widget-heading\" data-id=\"308c089\" data-element_type=\"widget\" data-e-type=\"widget\" data-widget_type=\"heading.default\">\n\t\t\t\t<div class=\"elementor-widget-container\">\n\t\t\t\t\t<h3 class=\"elementor-heading-title elementor-size-default\">Aviso legal<\/h3>\t\t\t\t<\/div>\n\t\t\t\t<\/div>\n\t\t\t\t\t<\/div>\n\t\t<\/div>\n\t\t\t\t\t<\/div>\n\t\t<\/section>\n\t\t\t\t<section class=\"elementor-section elementor-top-section elementor-element elementor-element-9b400be elementor-section-stretched elementor-section-boxed elementor-section-height-default elementor-section-height-default\" data-id=\"9b400be\" data-element_type=\"section\" data-e-type=\"section\" data-settings=\"{&quot;stretch_section&quot;:&quot;section-stretched&quot;}\">\n\t\t\t\t\t\t<div class=\"elementor-container elementor-column-gap-default\">\n\t\t\t\t\t<div class=\"elementor-column elementor-col-100 elementor-top-column elementor-element elementor-element-9ce9186\" data-id=\"9ce9186\" data-element_type=\"column\" data-e-type=\"column\">\n\t\t\t<div class=\"elementor-widget-wrap elementor-element-populated\">\n\t\t\t\t\t\t<div class=\"elementor-element elementor-element-aa10e32 elementor-widget elementor-widget-text-editor\" data-id=\"aa10e32\" data-element_type=\"widget\" data-e-type=\"widget\" data-widget_type=\"text-editor.default\">\n\t\t\t\t<div class=\"elementor-widget-container\">\n\t\t\t\t\t\t\t\t\t<p><strong>Datos identificativos:<\/strong><\/p><p>En cumplimiento con el deber de informaci\u00f3n recogido en el art\u00edculo 10 de la Ley 34\/2002, de 11 de julio, de Servicios de la Sociedad de la Informaci\u00f3n y del Comercio Electr\u00f3nico, a continuaci\u00f3n se indican los datos de informaci\u00f3n general del sitio Web <strong>asociacionproyectohogar.org<\/strong>\u00a0y se exponen los datos fiscales de la empresa, siendo responsable de la explotaci\u00f3n <strong>Proyecto hogar C\/ General Lacy 7, Bj I. Dcha\u00a0Madrid,\u00a0<\/strong>desde ahora\u00a0<strong>La Empresa.<\/strong><\/p><p><strong><u>Financiaci\u00f3n:<\/u><\/strong><\/p><p>Esta p\u00e1gina web ha sido financiada por la Uni\u00f3n Europea \u2013 NextGenerationEU con los fondos para el Plan de Recuperaci\u00f3n, Transformaci\u00f3n y Resiliencia a trav\u00e9s del Kit Digital.<\/p><p>Le agradecemos que hayas decidido visitarnos. Queremos que su experiencia en nuestra Web sea lo mejor posible.<\/p><p>\u00a0<\/p><p>Para acceder a nuestros servicios, declara que <strong>es mayor de edad<\/strong> y que tiene la capacidad legal suficiente para usar nuestros servicios, de acuerdo con su ley nacional.<\/p><p>El acceso y la navegaci\u00f3n en el sitio web, o el uso de los servicios del mismo, implican la aceptaci\u00f3n expresa e \u00edntegra de todas y cada una de las presentes Condiciones Generales, incluidas tanto las Condiciones Particulares fijadas para ciertas promociones, as\u00ed como de las Pol\u00edticas de Privacidad y de las Cookies, relacionadas con la normativa vigente en la materia de Protecci\u00f3n de Datos Personales. Por favor, le recomendamos que las lea con atenci\u00f3n para saber qu\u00e9 tipo de datos se recogen a trav\u00e9s de nuestra Web, con qu\u00e9 finalidades y qu\u00e9 derechos relacionados con ello le conciernen.<\/p><p>\u00a0<\/p><p><strong>1.- Informaci\u00f3n Legal.<\/strong><\/p><p>En cumplimiento de la Ley 34\/2002, de 11 de julio, de Servicios de la Sociedad de la Informaci\u00f3n y del Comercio Electr\u00f3nico, los datos identificativos del titular del Portal Web son:<\/p><p>\u00a0<\/p><p>ASOCIACI\u00d3N PROYECTO HOGAR<\/p><p>Calle General Lacy, n\u00ba 7, Bajo Interior Dcha.<\/p><p>28045 Madrid<\/p><p>G79171732<\/p><p>\u00a0<\/p><p>Para cualquier duda o consulta, puede ponerse en contacto con nosotros a trav\u00e9s del Telf: 913146042 y M\u00f3vil: 620071035, e-mail: coordinacion@proyectohogar.org.<\/p><p>\u00a0<\/p><p>El acceso a la Web supone la aceptaci\u00f3n expresa del Usuario a las presentes Condiciones Generales de Uso, que podr\u00e1n ser modificadas total o parcialmente o sustituidas por otras, por su titular y en cualquier momento sin previo aviso. Le recomendamos que acceda a las presentes condiciones de vez en cuando para comprobar sus posibles modificaciones, que se publicar\u00e1n en el mismo apartado.<\/p><p>\u00a0<\/p><p><strong>2.- Condiciones Generales de Uso.<\/strong><\/p><p><strong>\u00a0<\/strong><\/p><p>Las siguientes Condiciones Generales regulan el uso y acceso al portal Web, cuya finalidad es establecer pautas de buen uso y comportamiento de la misma. ASOCIACI\u00d3N PROYECTO HOGAR, pone a disposici\u00f3n de los usuarios informaci\u00f3n sobre el uso, los servicios y los contenidos que se alojan en la Web. A trav\u00e9s \u00e9sta, el Usuario tiene acceso a informaci\u00f3n sobre productos y servicios espec\u00edficos, herramientas y aplicaciones.<\/p><p>\u00a0<\/p><p>Los datos e informaciones sobre productos o servicios, precios y caracter\u00edsticas u otros datos relevantes ofrecidos a trav\u00e9s de la p\u00e1gina web son realizados, proporcionados y actualizados por Proveedores y terceras empresas. ASOCIACI\u00d3N PROYECTO HOGAR no es, en ning\u00fan caso, responsable de dichos datos e informaciones ni asume ninguna obligaci\u00f3n sobre los mismos.<\/p><p>\u00a0<\/p><p>El Usuario se compromete a hacer un uso adecuado de los contenidos, servicios, aplicaciones y herramientas que est\u00e1n accesibles, con sujeci\u00f3n a la Ley y a las presentes Condiciones<\/p><p>\u00a0<\/p><p>Generales de Uso y, en su caso a las Condiciones Particulares que puedan establecerse para el acceso a determinados servicios y aplicaciones, respetando en todo momento a los dem\u00e1s Usuarios de la misma.<\/p><p>\u00a0<\/p><p>En caso de incumplimiento total y\/o parcial por el Usuario de las presentes condiciones Generales de Uso, ASOCIACI\u00d3N PROYECTO HOGAR se reserva el derecho de denegar el acceso a la Web, sin necesidad de previo aviso al Usuario.<\/p><p>\u00a0<\/p><p><strong>3.- Obligaciones Generales del Usuario.<\/strong><\/p><p>El Usuario, al aceptar las presentes condiciones Generales de Uso, se obliga expresamente a:<\/p><p>&#8211; No realizar ninguna acci\u00f3n destinada perjudicar, bloquear, da\u00f1ar, inutilizar, sobrecargar, de forma temporal o definitiva, las funcionalidades, herramientas, contenidos y\/o la infraestructura de la p\u00e1gina web, de manera que impida su normal utilizaci\u00f3n.<\/p><p>&#8211; Custodiar y mantener la confidencialidad de las claves de acceso asociadas a su nombre de Usuario, siendo responsable de la utilizaci\u00f3n de dichas claves de acceso personales e intransferibles por parte de terceros.<\/p><p>&#8211; No introducir ni realizar contenidos injuriosos o calumniosos, tanto de otros Usuarios como de terceras empresas ajenas a ASOCIACI\u00d3N PROYECTO HOGAR.<\/p><p>&#8211; No utilizar cualquiera de los materiales e informaciones contenidos en este Sitio Web con fines il\u00edcitos y\/o expresamente prohibidos en las presentes Condiciones Generales de Uso, as\u00ed como a las condiciones particulares que, en su caso, se establezcan para determinadas aplicaciones y\/o utilidades y que resulten contrarios a los derechos e intereses de ASOCIACI\u00d3N PROYECTO HOGAR, sus usuarios y\/o terceros.<\/p><p>&#8211; No ofertar ni distribuir productos y servicios, ni realizar publicidad o comunicaciones comerciales no solicitadas a otros Usuarios y visitantes de ASOCIACI\u00d3N PROYECTO HOGAR.<\/p><p>El Usuario responder\u00e1 de los todos los da\u00f1os y perjuicios de toda naturaleza que ASOCIACI\u00d3N PROYECTO HOGAR o cualquier tercero pueda sufrir como consecuencia del incumplimiento de cualesquiera de las obligaciones a las que queda sometido por virtud de estas \u201cCondiciones Generales de Uso\u201d o de la ley en relaci\u00f3n con el acceso y\/o utilizaci\u00f3n de la p\u00e1gina.<\/p><p>\u00a0<\/p><p><strong>4.- Propiedad Intelectual e Industrial.<\/strong><\/p><p><strong>\u00a0<\/strong><\/p><p>El sitio web, las p\u00e1ginas que comprende y la informaci\u00f3n o elementos contenidos en las mismas (incluyendo textos, documentos, fotograf\u00edas, dibujos, representaciones gr\u00e1ficas, de los que es titular o de los que sean titulares terceros que autorizan al propietario a su utilizaci\u00f3n, entre otros), as\u00ed como logotipos, marcas, nombres comerciales u otros signos distintivos, se encuentran protegidos por derechos de propiedad intelectual y\/o industrial, de los que ASOCIACI\u00d3N PROYECTO HOGAR es titular o ostenta autorizaci\u00f3n para su utilizaci\u00f3n y comunicaci\u00f3n p\u00fablica de los leg\u00edtimos titulares de las mismas.<\/p><p>\u00a0<\/p><p>El Usuario se obliga a usar los contenidos de forma diligente y correcta, de acuerdo a la ley, la moral y el orden p\u00fablico. ASOCIACI\u00d3N PROYECTO HOGAR autoriza al Usuario para visualizar la informaci\u00f3n que se contiene en este sitio web, as\u00ed como para efectuar reproducciones privadas (simple actividad de descarga y almacenamiento en sus sistemas inform\u00e1ticos), siempre y cuando los elementos sean destinados \u00fanicamente al uso personal. En ning\u00fan caso, ello significar\u00e1 una autorizaci\u00f3n o licencia sobre los derechos de propiedad de ASOCIACI\u00d3N PROYECTO HOGAR o de los leg\u00edtimos titulares de las mismas.<\/p><p>\u00a0<\/p><p>El Usuario no est\u00e1 autorizado para proceder a la distribuci\u00f3n, modificaci\u00f3n, cesi\u00f3n o comunicaci\u00f3n p\u00fablica de la informaci\u00f3n contenida en esta Web en cualquier forma y cualquiera que sea su finalidad.<\/p><p>\u00a0<\/p><p><strong>5.- Enlaces.<\/strong><\/p><p>Las conexiones y enlaces a sitios o p\u00e1ginas Web de terceros se han establecido \u00fanicamente como una utilidad para el Usuario. ASOCIACI\u00d3N PROYECTO HOGAR no es, en ning\u00fan caso, responsable de las mismas o de su contenido.<\/p><p>\u00a0<\/p><p>ASOCIACI\u00d3N PROYECTO HOGAR no asume ninguna responsabilidad derivada de la existencia de enlaces entre los contenidos de este sitio y contenidos situados fuera del mismo o de cualquier otra menci\u00f3n de contenidos externos a este sitio. Tales enlaces o menciones tienen una finalidad exclusivamente informativa y, en ning\u00fan caso, implican el apoyo, aprobaci\u00f3n, comercializaci\u00f3n o relaci\u00f3n alguna entre ASOCIACI\u00d3N PROYECTO HOGAR y las personas o entidades autoras y\/o gestoras de tales contenidos o titulares de los sitios donde se encuentren.<\/p><p>\u00a0<\/p><p>Para realizar enlaces con la p\u00e1gina Web ser\u00e1 necesaria la autorizaci\u00f3n expresa y por escrito de los titulares del portal.<\/p><p>\u00a0<\/p><p><strong>6.- Responsabilidad.<\/strong><\/p><p><strong>\u00a0<\/strong><\/p><p>ASOCIACI\u00d3N PROYECTO HOGAR no garantiza el acceso continuado, ni la correcta visualizaci\u00f3n, descarga o utilidad de los elementos e informaci\u00f3n contenidos en las p\u00e1ginas del portal que pueden verse impedidos, dificultados o interrumpidos por factores o circunstancias fuera de su control o ajenas a su voluntad, ni de aquellos que sean producidos por la existencia de virus inform\u00e1ticos en Internet.<\/p><p>\u00a0<\/p><p>ASOCIACI\u00d3N PROYECTO HOGAR no asume responsabilidad alguna por da\u00f1os, perjuicios, p\u00e9rdidas, reclamaciones o gastos, producidos por:<\/p><p>(i) Interferencias, interrupciones, fallos, omisiones, retrasos, bloqueos o desconexiones, motivadas por errores en las l\u00edneas y redes de telecomunicaciones o por cualquier otra causa ajena al control de ASOCIACI\u00d3N PROYECTO HOGAR.<\/p><p>(ii) Intromisiones ileg\u00edtimas mediante el uso de programas malignos de cualquier tipo y a trav\u00e9s de cualquier medio de comunicaci\u00f3n, tales como virus inform\u00e1ticos o cualesquiera otros;<\/p><p>(iii) Uso indebido o inadecuado de la p\u00e1gina web de ASOCIACI\u00d3N PROYECTO HOGAR<\/p><p>(iv) Errores de seguridad o navegaci\u00f3n producidos por un mal funcionamiento del navegador o por el uso de versiones no actualizadas.<\/p><p>\u00a0<\/p><p>ASOCIACI\u00d3N PROYECTO HOGAR no es responsable ni en ning\u00fan caso responder\u00e1 frente a los usuarios y a terceros sobre actos de cualquier tercero ajeno a ASOCIACI\u00d3N PROYECTO HOGAR que conlleve o pueda suponer la realizaci\u00f3n de actos de competencia desleal y publicidad il\u00edcita o la infracci\u00f3n de los derechos de propiedad intelectual e industrial, de los secretos empresariales, de compromisos contractuales de cualquier clase, de los derechos al honor, a la intimidad personal y familiar y a la imagen, de los derechos de propiedad y de toda otra naturaleza pertenecientes a un tercero por raz\u00f3n de la transmisi\u00f3n, difusi\u00f3n, almacenamiento, puesta a disposici\u00f3n, recepci\u00f3n, obtenci\u00f3n o acceso a los contenidos.<\/p><p>\u00a0<\/p><p><strong>7.- Protecci\u00f3n de Datos de Car\u00e1cter Personal.<\/strong><\/p><p>Toda la pol\u00edtica de tratamiento de datos personales la encontrar\u00e1s en la Pol\u00edtica de Privacidad, que forma parte integrante de estas Condiciones Generales pero que, por simplicidad, hemos puesto en un documento aparte: <u>\u00a0<\/u><u>Pol\u00edtica de Privacidad<\/u>.<\/p><p>\u00a0<\/p><p><strong>8.- Legislaci\u00f3n.<\/strong><\/p><p>El presente Aviso Legal y sus t\u00e9rminos y condiciones se regir\u00e1n e interpretar\u00e1n de acuerdo con la Legislaci\u00f3n Espa\u00f1ola. El usuario, por el solo hecho de acceder a la p\u00e1gina web u obtener la condici\u00f3n de usuario registrado otorga, de forma irrevocable, su consentimiento a que los Tribunales competentes por defecto puedan conocer de cualquier acci\u00f3n judicial derivada de o relacionada con las presentes condiciones, o con su uso de este Sitio o la navegaci\u00f3n realizada por el mismo.<\/p><p>\u00a0<\/p><p>Si alguna cl\u00e1usula o apartado de las presentes Condiciones Generales, que no sea de naturaleza esencial para la existencia del mismo, es declarada nula o inaplicable, la validez de las restantes cl\u00e1usulas no se ver\u00e1 afectada.<\/p><p>\u00a0<\/p>\t\t\t\t\t\t\t\t<\/div>\n\t\t\t\t<\/div>\n\t\t\t\t\t<\/div>\n\t\t<\/div>\n\t\t\t\t\t<\/div>\n\t\t<\/section>\n\t\t\t\t<\/div>","protected":false},"excerpt":{"rendered":"<p>Aviso legal Datos identificativos: En cumplimiento con el deber de informaci\u00f3n recogido en el art\u00edculo 10 de la Ley 34\/2002, de 11 de julio, de Servicios de la Sociedad de la Informaci\u00f3n y del Comercio Electr\u00f3nico, a continuaci\u00f3n se indican los datos de informaci\u00f3n general del sitio Web asociacionproyectohogar.org\u00a0y se exponen los datos fiscales de &#8230; <a title=\"aviso-legal\" class=\"read-more\" href=\"https:\/\/asociacionproyectohogar.org\/en\/aviso-legal\/\" aria-label=\"Read more about aviso-legal\">Read more<\/a><\/p>","protected":false},"author":2,"featured_media":0,"parent":0,"menu_order":0,"comment_status":"closed","ping_status":"closed","template":"","meta":{"footnotes":""},"class_list":["post-80","page","type-page","status-publish"],"_links":{"self":[{"href":"https:\/\/asociacionproyectohogar.org\/en\/wp-json\/wp\/v2\/pages\/80","targetHints":{"allow":["GET"]}}],"collection":[{"href":"https:\/\/asociacionproyectohogar.org\/en\/wp-json\/wp\/v2\/pages"}],"about":[{"href":"https:\/\/asociacionproyectohogar.org\/en\/wp-json\/wp\/v2\/types\/page"}],"author":[{"embeddable":true,"href":"https:\/\/asociacionproyectohogar.org\/en\/wp-json\/wp\/v2\/users\/2"}],"replies":[{"embeddable":true,"href":"https:\/\/asociacionproyectohogar.org\/en\/wp-json\/wp\/v2\/comments?post=80"}],"version-history":[{"count":67,"href":"https:\/\/asociacionproyectohogar.org\/en\/wp-json\/wp\/v2\/pages\/80\/revisions"}],"predecessor-version":[{"id":2151,"href":"https:\/\/asociacionproyectohogar.org\/en\/wp-json\/wp\/v2\/pages\/80\/revisions\/2151"}],"wp:attachment":[{"href":"https:\/\/asociacionproyectohogar.org\/en\/wp-json\/wp\/v2\/media?parent=80"}],"curies":[{"name":"wp","href":"https:\/\/api.w.org\/{rel}","templated":true}]}}